{"id":31,"date":"2024-05-14T07:12:26","date_gmt":"2024-05-14T07:12:26","guid":{"rendered":"https:\/\/recaudadorasiquirres.com\/?page_id=31"},"modified":"2024-08-27T13:12:00","modified_gmt":"2024-08-27T19:12:00","slug":"nosotros","status":"publish","type":"page","link":"https:\/\/recaudadorasiquirres.com\/?page_id=31","title":{"rendered":"Nosotros"},"content":{"rendered":"<p>[et_pb_section fb_built=\u00bb1&#8243; custom_padding_last_edited=\u00bbon|desktop\u00bb _builder_version=\u00bb4.25.0&#8243; _module_preset=\u00bbdefault\u00bb background_color=\u00bbrgba(0,0,0,0.37)\u00bb background_image=\u00bbhttps:\/\/recaudadorasiquirres.com\/wp-content\/uploads\/2024\/05\/siquirres-2.webp\u00bb background_blend=\u00bboverlay\u00bb custom_padding=\u00bb13%||13%||true|false\u00bb custom_padding_tablet=\u00bb13%||13%||true|false\u00bb custom_padding_phone=\u00bb13%||13%||true|false\u00bb global_colors_info=\u00bb{}\u00bb][et_pb_row _builder_version=\u00bb4.25.0&#8243; _module_preset=\u00bbdefault\u00bb global_colors_info=\u00bb{}\u00bb][et_pb_column type=\u00bb4_4&#8243; _builder_version=\u00bb4.25.0&#8243; _module_preset=\u00bbdefault\u00bb global_colors_info=\u00bb{}\u00bb][et_pb_text _builder_version=\u00bb4.25.0&#8243; _module_preset=\u00bbdefault\u00bb header_font=\u00bb&#8211;et_global_heading_font|500|||||||\u00bb header_text_align=\u00bbcenter\u00bb header_text_color=\u00bb#FFFFFF\u00bb header_font_size=\u00bb45px\u00bb header_2_font=\u00bb&#8211;et_global_heading_font||||||||\u00bb header_2_text_align=\u00bbcenter\u00bb header_2_text_color=\u00bb#FFFFFF\u00bb header_text_align_tablet=\u00bbleft\u00bb header_text_align_phone=\u00bbleft\u00bb header_text_align_last_edited=\u00bbon|tablet\u00bb header_font_size_tablet=\u00bb35px\u00bb header_font_size_phone=\u00bb28px\u00bb header_font_size_last_edited=\u00bbon|desktop\u00bb header_2_text_align_tablet=\u00bbleft\u00bb header_2_text_align_phone=\u00bbleft\u00bb header_2_text_align_last_edited=\u00bbon|tablet\u00bb header_2_font_size_tablet=\u00bb\u00bb header_2_font_size_phone=\u00bb21px\u00bb header_2_font_size_last_edited=\u00bbon|tablet\u00bb global_colors_info=\u00bb{}\u00bb]<\/p>\n<h1><strong>Innovando<\/strong> la forma de pagar en Siquirres<\/h1>\n<h2>Facilidad, rapidez y seguridad en cada transacci\u00f3n.<\/h2>\n<p>[\/et_pb_text][\/et_pb_column][\/et_pb_row][\/et_pb_section][et_pb_section fb_built=\u00bb1&#8243; _builder_version=\u00bb4.27.0&#8243; _module_preset=\u00bbdefault\u00bb global_colors_info=\u00bb{}\u00bb][et_pb_row _builder_version=\u00bb4.25.0&#8243; _module_preset=\u00bbdefault\u00bb global_colors_info=\u00bb{}\u00bb][et_pb_column type=\u00bb4_4&#8243; _builder_version=\u00bb4.25.0&#8243; _module_preset=\u00bbdefault\u00bb global_colors_info=\u00bb{}\u00bb][et_pb_text _builder_version=\u00bb4.27.0&#8243; _module_preset=\u00bbdefault\u00bb text_font=\u00bb&#8211;et_global_body_font||||||||\u00bb text_font_size=\u00bb17px\u00bb header_3_font=\u00bb&#8211;et_global_heading_font||||||||\u00bb text_font_size_tablet=\u00bb17px\u00bb text_font_size_phone=\u00bb17px\u00bb text_font_size_last_edited=\u00bbon|desktop\u00bb global_colors_info=\u00bb{}\u00bb]<\/p>\n<h3>Visi\u00f3n:<\/h3>\n<p>Ser el referente en soluciones de pago digital para la comunidad de Siquirres, impulsando la inclusi\u00f3n financiera y la comodidad de nuestros clientes.<\/p>\n<p>[\/et_pb_text][et_pb_divider _builder_version=\u00bb4.27.0&#8243; _module_preset=\u00bbdefault\u00bb width=\u00bb39%\u00bb module_alignment=\u00bbcenter\u00bb global_colors_info=\u00bb{}\u00bb][\/et_pb_divider][et_pb_text _builder_version=\u00bb4.27.0&#8243; _module_preset=\u00bbdefault\u00bb text_font=\u00bb&#8211;et_global_body_font||||||||\u00bb text_font_size=\u00bb17px\u00bb header_3_font=\u00bb&#8211;et_global_heading_font||||||||\u00bb text_font_size_tablet=\u00bb17px\u00bb text_font_size_phone=\u00bb17px\u00bb text_font_size_last_edited=\u00bbon|desktop\u00bb global_colors_info=\u00bb{}\u00bb]<\/p>\n<h3>Misi\u00f3n:<\/h3>\n<p>Brindar un servicio de pago de servicios p\u00fablicos y transferencias bancarias \u00e1gil, seguro y accesible a trav\u00e9s de Sinpe M\u00f3vil, adapt\u00e1ndonos a las necesidades de nuestros clientes y ofreciendo una experiencia excepcional.<\/p>\n<p>[\/et_pb_text][et_pb_divider _builder_version=\u00bb4.27.0&#8243; _module_preset=\u00bbdefault\u00bb width=\u00bb39%\u00bb module_alignment=\u00bbcenter\u00bb global_colors_info=\u00bb{}\u00bb][\/et_pb_divider][et_pb_text _builder_version=\u00bb4.27.0&#8243; _module_preset=\u00bbdefault\u00bb text_font=\u00bb&#8211;et_global_body_font||||||||\u00bb text_font_size=\u00bb17px\u00bb header_3_font=\u00bb&#8211;et_global_heading_font||||||||\u00bb text_font_size_tablet=\u00bb17px\u00bb text_font_size_phone=\u00bb17px\u00bb text_font_size_last_edited=\u00bbon|desktop\u00bb global_colors_info=\u00bb{}\u00bb]<\/p>\n<h3><\/h3>\n<h3>Valores:<\/h3>\n<ul>\n<li>\n<blockquote>\n<p>Innovaci\u00f3n: Buscamos constantemente nuevas formas de mejorar nuestros servicios y adaptarnos a las necesidades del mercado.<\/p>\n<\/blockquote>\n<\/li>\n<li>\n<blockquote>\n<p>Confianza: Garantizamos la seguridad y privacidad de las transacciones de nuestros clientes.<\/p>\n<\/blockquote>\n<\/li>\n<li>\n<blockquote>\n<p>Comunidad: Estamos comprometidos con el desarrollo y bienestar de Siquirres.<\/p>\n<\/blockquote>\n<\/li>\n<li>\n<blockquote>\n<p>Excelencia: Nos esforzamos por ofrecer un servicio de calidad, con atenci\u00f3n personalizada y eficiente.<\/p>\n<\/blockquote>\n<\/li>\n<\/ul>\n<p>[\/et_pb_text][\/et_pb_column][\/et_pb_row][et_pb_row _builder_version=\u00bb4.25.0&#8243; _module_preset=\u00bbdefault\u00bb width=\u00bb92%\u00bb global_colors_info=\u00bb{}\u00bb][et_pb_column type=\u00bb4_4&#8243; _builder_version=\u00bb4.25.0&#8243; _module_preset=\u00bbdefault\u00bb global_colors_info=\u00bb{}\u00bb][et_pb_button button_url=\u00bbhttps:\/\/wa.me\/50663277808?text=Hola,%20me%20gustar\u00eda%20saber%20c\u00f3mo%20pagar%20mi%20recibo%20a%20trav\u00e9s%20de%20Sinpe%20M\u00f3vil%20en%20recaudadorasiquirres.com.%20\u00bfPodr\u00edan%20ayudarme?\u00bb button_text=\u00bbPaga tus servicios aqu\u00ed\u00bb button_alignment=\u00bbcenter\u00bb _builder_version=\u00bb4.27.0&#8243; _module_preset=\u00bbdefault\u00bb custom_button=\u00bbon\u00bb button_text_color=\u00bb#242424&#8243; button_bg_color=\u00bbRGBA(255,255,255,0)\u00bb button_border_width=\u00bb1px\u00bb button_border_color=\u00bb#242424&#8243; button_border_radius=\u00bb3px\u00bb button_font=\u00bb&#8211;et_global_body_font||||||||\u00bb button_icon=\u00bb&#xf3cd;||fa||900&#8243; button_on_hover=\u00bboff\u00bb custom_padding=\u00bb|62px||56px|false|false\u00bb custom_padding_tablet=\u00bb\u00bb custom_padding_phone=\u00bb|30px||30px|false|true\u00bb custom_padding_last_edited=\u00bbon|phone\u00bb hover_enabled=\u00bb0&#8243; button_text_size_tablet=\u00bb\u00bb button_text_size_phone=\u00bb16px\u00bb button_text_size_last_edited=\u00bbon|phone\u00bb global_colors_info=\u00bb{}\u00bb button_text_color__hover_enabled=\u00bbon|desktop\u00bb button_border_width__hover_enabled=\u00bbon|desktop\u00bb button_text_color__hover=\u00bb#FFFFFF\u00bb button_bg_color__hover_enabled=\u00bbon|desktop\u00bb button_bg_color__hover=\u00bb#FFA200&#8243; button_bg_enable_color__hover=\u00bbon\u00bb button_border_color__hover_enabled=\u00bbon|desktop\u00bb button_border_color__hover=\u00bb#FFA200&#8243; button_border_radius__hover_enabled=\u00bbon|desktop\u00bb button_border_width__hover=\u00bb1px\u00bb button_border_radius__hover=\u00bb3px\u00bb url_new_window=\u00bbon\u00bb sticky_enabled=\u00bb0&#8243;][\/et_pb_button][\/et_pb_column][\/et_pb_row][\/et_pb_section]<\/p>\n","protected":false},"excerpt":{"rendered":"<p>Innovando la forma de pagar en Siquirres Facilidad, rapidez y seguridad en cada transacci\u00f3n.Visi\u00f3n: Ser el referente en soluciones de pago digital para la comunidad de Siquirres, impulsando la inclusi\u00f3n financiera y la comodidad de nuestros clientes.Misi\u00f3n: Brindar un servicio de pago de servicios p\u00fablicos y transferencias bancarias \u00e1gil, seguro y accesible a trav\u00e9s de [&hellip;]<\/p>\n","protected":false},"author":1,"featured_media":0,"parent":0,"menu_order":0,"comment_status":"closed","ping_status":"closed","template":"","meta":{"_et_pb_use_builder":"on","_et_pb_old_content":"","_et_gb_content_width":"","_joinchat":[],"footnotes":""},"class_list":["post-31","page","type-page","status-publish","hentry"],"_links":{"self":[{"href":"https:\/\/recaudadorasiquirres.com\/index.php?rest_route=\/wp\/v2\/pages\/31","targetHints":{"allow":["GET"]}}],"collection":[{"href":"https:\/\/recaudadorasiquirres.com\/index.php?rest_route=\/wp\/v2\/pages"}],"about":[{"href":"https:\/\/recaudadorasiquirres.com\/index.php?rest_route=\/wp\/v2\/types\/page"}],"author":[{"embeddable":true,"href":"https:\/\/recaudadorasiquirres.com\/index.php?rest_route=\/wp\/v2\/users\/1"}],"replies":[{"embeddable":true,"href":"https:\/\/recaudadorasiquirres.com\/index.php?rest_route=%2Fwp%2Fv2%2Fcomments&post=31"}],"version-history":[{"count":9,"href":"https:\/\/recaudadorasiquirres.com\/index.php?rest_route=\/wp\/v2\/pages\/31\/revisions"}],"predecessor-version":[{"id":533,"href":"https:\/\/recaudadorasiquirres.com\/index.php?rest_route=\/wp\/v2\/pages\/31\/revisions\/533"}],"wp:attachment":[{"href":"https:\/\/recaudadorasiquirres.com\/index.php?rest_route=%2Fwp%2Fv2%2Fmedia&parent=31"}],"curies":[{"name":"wp","href":"https:\/\/api.w.org\/{rel}","templated":true}]}}